{"id":372,"date":"2017-03-29T14:55:58","date_gmt":"2017-03-29T12:55:58","guid":{"rendered":"http:\/\/bowling-star.de\/rob\/?page_id=372"},"modified":"2023-12-13T11:41:46","modified_gmt":"2023-12-13T10:41:46","slug":"oeffnungszeiten","status":"publish","type":"page","link":"https:\/\/www.bowling-star.de\/index.php\/oeffnungszeiten\/","title":{"rendered":"\u00d6ffnungszeiten"},"content":{"rendered":"<h3>Das Bowlings Star in Halle Saale ist ganzj\u00e4hrig ge\u00f6ffnet. Au\u00dfer an Karfreitag, Heiligabend, Silvester, Volkstrauertag und Totensonntag.<\/h3>\n<table>\n<tr>\n<td width=\"50%\">Montag<br \/>Dienstag bis Donnerstag<br \/>Freitag<br \/>Samstag &#038; Vorfeiertag<br \/>Sonntag &#038; Feiertag<\/td>\n<td width=\"50%\">Ruhetag<br \/>14 &#8211; 22 Uhr<br \/>14 &#8211; 23 Uhr<br \/>14 &#8211; 24 Uhr<br \/>14 &#8211; 20 Uhr<\/td>\n<\/tr>\n<\/table>\n<p>Sonder\u00f6ffnungszeiten nach vorheriger Absprache und Reservierungen ab 20 Personen m\u00f6glich. Bitte nutzen Sie hierf\u00fcr unsere Telefonnummer <a title=\"Bowling Center anrufen\" href=\"tel:0345566393\">0345 . 56 63 93<\/a>. Bitte haben Sie Verst\u00e4ndnis, dass wir die Schlie\u00dfungszeiten dem Betrieb anpassen.<\/p>\n","protected":false},"excerpt":{"rendered":"<p>Das Bowlings Star in Halle Saale ist ganzj\u00e4hrig ge\u00f6ffnet. Au\u00dfer an Karfreitag, Heiligabend, Silvester, Volkstrauertag und Totensonntag. MontagDienstag bis DonnerstagFreitagSamstag &#038; VorfeiertagSonntag &#038; Feiertag Ruhetag14 &#8211; 22 Uhr14 &#8211; 23 Uhr14 &#8211; 24 Uhr14 &#8211; 20 Uhr Sonder\u00f6ffnungszeiten nach vorheriger Absprache und Reservierungen ab 20 Personen m\u00f6glich. Bitte nutzen Sie hierf\u00fcr unsere Telefonnummer 0345 . [&hellip;]<\/p>\n","protected":false},"author":1,"featured_media":0,"parent":0,"menu_order":3,"comment_status":"closed","ping_status":"closed","template":"","meta":{"footnotes":""},"class_list":["post-372","page","type-page","status-publish","hentry"],"_links":{"self":[{"href":"https:\/\/www.bowling-star.de\/index.php\/wp-json\/wp\/v2\/pages\/372","targetHints":{"allow":["GET"]}}],"collection":[{"href":"https:\/\/www.bowling-star.de\/index.php\/wp-json\/wp\/v2\/pages"}],"about":[{"href":"https:\/\/www.bowling-star.de\/index.php\/wp-json\/wp\/v2\/types\/page"}],"author":[{"embeddable":true,"href":"https:\/\/www.bowling-star.de\/index.php\/wp-json\/wp\/v2\/users\/1"}],"replies":[{"embeddable":true,"href":"https:\/\/www.bowling-star.de\/index.php\/wp-json\/wp\/v2\/comments?post=372"}],"version-history":[{"count":0,"href":"https:\/\/www.bowling-star.de\/index.php\/wp-json\/wp\/v2\/pages\/372\/revisions"}],"wp:attachment":[{"href":"https:\/\/www.bowling-star.de\/index.php\/wp-json\/wp\/v2\/media?parent=372"}],"curies":[{"name":"wp","href":"https:\/\/api.w.org\/{rel}","templated":true}]}}