{"id":759,"date":"2017-06-02T16:46:28","date_gmt":"2017-06-02T14:46:28","guid":{"rendered":"http:\/\/bowling-star.de\/rob\/?page_id=759"},"modified":"2020-01-08T16:02:40","modified_gmt":"2020-01-08T15:02:40","slug":"pro-shop","status":"publish","type":"page","link":"https:\/\/www.bowling-star.de\/index.php\/pro-shop\/","title":{"rendered":"Pro Shop"},"content":{"rendered":"<h3>Haben Sie Ihr Bowling-Equipment schon komplett?<\/h3>\n<p>Falls nicht, schauen Sie doch mal in unserem Pro Shop vorbei. Dort gibt\u00b4s alles, was das Herz des Bowlers begehrt (f\u00fcr Einsteiger bis Fortgeschrittene). Sollte ein gew\u00fcnschter Artikel mal nicht verf\u00fcgbar sein, bestellen wir ihn gern f\u00fcr Sie.<\/p>\n<p>\u00d6ffnungszeiten: jeden Mittwoch 16 &#8211; 18 Uhr, sowohl nach Vereinbarung und auf Nachfrage am Counter<\/p>\n<p>Ballbohrungen nur nach vorheriger Terminabsprache. Vielen Dank.<\/p>\n<p><img decoding=\"async\" src=\"http:\/\/bowling-star.de\/wp-content\/uploads\/2-1.jpg\" alt=\"Bowling Pro Shop\" width=\"100%\" height=\"auto\" \/><\/p>\n","protected":false},"excerpt":{"rendered":"<p>Haben Sie Ihr Bowling-Equipment schon komplett? Falls nicht, schauen Sie doch mal in unserem Pro Shop vorbei. Dort gibt\u00b4s alles, was das Herz des Bowlers begehrt (f\u00fcr Einsteiger bis Fortgeschrittene). Sollte ein gew\u00fcnschter Artikel mal nicht verf\u00fcgbar sein, bestellen wir ihn gern f\u00fcr Sie. \u00d6ffnungszeiten: jeden Mittwoch 16 &#8211; 18 Uhr, sowohl nach Vereinbarung und [&hellip;]<\/p>\n","protected":false},"author":1,"featured_media":0,"parent":0,"menu_order":87,"comment_status":"closed","ping_status":"closed","template":"","meta":{"footnotes":""},"class_list":["post-759","page","type-page","status-publish","hentry"],"_links":{"self":[{"href":"https:\/\/www.bowling-star.de\/index.php\/wp-json\/wp\/v2\/pages\/759","targetHints":{"allow":["GET"]}}],"collection":[{"href":"https:\/\/www.bowling-star.de\/index.php\/wp-json\/wp\/v2\/pages"}],"about":[{"href":"https:\/\/www.bowling-star.de\/index.php\/wp-json\/wp\/v2\/types\/page"}],"author":[{"embeddable":true,"href":"https:\/\/www.bowling-star.de\/index.php\/wp-json\/wp\/v2\/users\/1"}],"replies":[{"embeddable":true,"href":"https:\/\/www.bowling-star.de\/index.php\/wp-json\/wp\/v2\/comments?post=759"}],"version-history":[{"count":0,"href":"https:\/\/www.bowling-star.de\/index.php\/wp-json\/wp\/v2\/pages\/759\/revisions"}],"wp:attachment":[{"href":"https:\/\/www.bowling-star.de\/index.php\/wp-json\/wp\/v2\/media?parent=759"}],"curies":[{"name":"wp","href":"https:\/\/api.w.org\/{rel}","templated":true}]}}